{"id":17,"date":"2018-07-20T10:05:26","date_gmt":"2018-07-20T08:05:26","guid":{"rendered":"http:\/\/comptazen.be\/?page_id=17"},"modified":"2020-04-11T09:59:02","modified_gmt":"2020-04-11T07:59:02","slug":"a-propos-de","status":"publish","type":"page","link":"https:\/\/comptazen.be\/index.php\/a-propos-de\/","title":{"rendered":"\u00c0 propos de"},"content":{"rendered":"<h1>Comptabilit\u00e9 &#8211; Fiscalit\u00e9 &#8211; Gestion<\/h1>\n<p>Ayant acquis une exp\u00e9rience de pr\u00e8s de 10 ans en contr\u00f4le de gestion, nous la mettons \u00e0 votre service afin de vous \u00e9pauler dans la conduite de votre entreprise.<\/p>\n<p>Conscients de l&rsquo;importance des pr\u00e9visions et de la tr\u00e9sorerie comme facteurs de r\u00e9ussite, nous allons au-del\u00e0 des obligations comptables et fiscales. Par le biais d&rsquo;indicateurs simples, nous suivons et analysons avec vous l&rsquo;\u00e9volution de vos r\u00e9sultats.<\/p>\n<p>En tant que membre de l&rsquo; ITAA (Institute for Tax advisors and Accountants), nous veillons au respect des r\u00e8gles de d\u00e9ontologie de notre Institut. Afin de garantir la qualit\u00e9 de nos prestations, nous suivons r\u00e9guli\u00e8rement des formations continues permettant d&rsquo;actualiser nos connaissances.<\/p>\n<p>Que vous soyez \u00e0 la recherche de conseils sur la gestion de votre entreprise ou sur l&rsquo;optimisation de votre d\u00e9claration d&rsquo;imp\u00f4ts ou encore d&rsquo;un suivi journalier de vos obligations comptables et fiscales,\u00a0<a href=\"mailto:info@ComptaZen.be\">contactez-nous<\/a>\u00a0pour un premier avis !<\/p>\n","protected":false},"excerpt":{"rendered":"<p>Comptabilit\u00e9 &#8211; Fiscalit\u00e9 &#8211; Gestion Ayant acquis une exp\u00e9rience de pr\u00e8s de 10 ans en contr\u00f4le de gestion, nous la mettons \u00e0 votre service afin de vous \u00e9pauler dans la conduite de votre entreprise. Conscients de l&rsquo;importance des pr\u00e9visions et de la tr\u00e9sorerie comme facteurs de r\u00e9ussite, nous allons au-del\u00e0 des obligations comptables et fiscales. &hellip; <\/p>\n<p class=\"link-more\"><a href=\"https:\/\/comptazen.be\/index.php\/a-propos-de\/\" class=\"more-link\">Continuer la lecture<span class=\"screen-reader-text\"> de &laquo;&nbsp;\u00c0 propos de&nbsp;&raquo;<\/span><\/a><\/p>\n","protected":false},"author":1,"featured_media":59,"parent":0,"menu_order":0,"comment_status":"closed","ping_status":"closed","template":"","meta":{"footnotes":""},"class_list":["post-17","page","type-page","status-publish","has-post-thumbnail","hentry"],"_links":{"self":[{"href":"https:\/\/comptazen.be\/index.php\/wp-json\/wp\/v2\/pages\/17","targetHints":{"allow":["GET"]}}],"collection":[{"href":"https:\/\/comptazen.be\/index.php\/wp-json\/wp\/v2\/pages"}],"about":[{"href":"https:\/\/comptazen.be\/index.php\/wp-json\/wp\/v2\/types\/page"}],"author":[{"embeddable":true,"href":"https:\/\/comptazen.be\/index.php\/wp-json\/wp\/v2\/users\/1"}],"replies":[{"embeddable":true,"href":"https:\/\/comptazen.be\/index.php\/wp-json\/wp\/v2\/comments?post=17"}],"version-history":[{"count":4,"href":"https:\/\/comptazen.be\/index.php\/wp-json\/wp\/v2\/pages\/17\/revisions"}],"predecessor-version":[{"id":85,"href":"https:\/\/comptazen.be\/index.php\/wp-json\/wp\/v2\/pages\/17\/revisions\/85"}],"wp:featuredmedia":[{"embeddable":true,"href":"https:\/\/comptazen.be\/index.php\/wp-json\/wp\/v2\/media\/59"}],"wp:attachment":[{"href":"https:\/\/comptazen.be\/index.php\/wp-json\/wp\/v2\/media?parent=17"}],"curies":[{"name":"wp","href":"https:\/\/api.w.org\/{rel}","templated":true}]}}